{"id":9426,"date":"2024-07-14T16:23:30","date_gmt":"2024-07-14T16:23:30","guid":{"rendered":"https:\/\/www.elite.ro\/elitetown\/?page_id=9426"},"modified":"2024-07-24T08:40:47","modified_gmt":"2024-07-24T08:40:47","slug":"t1-spatiicomerciale","status":"publish","type":"page","link":"https:\/\/www.elite.ro\/elitetown\/t1-spatiicomerciale\/","title":{"rendered":"Spa\u021bii Comerciale &#8211; Imobilul T1"},"content":{"rendered":"\t\t<div data-elementor-type=\"wp-page\" data-elementor-id=\"9426\" class=\"elementor elementor-9426\">\n\t\t\t\t\t\t<section class=\"elementor-section elementor-top-section elementor-element elementor-element-8e6c769 elementor-section-full_width elementor-section-height-default elementor-section-height-default\" data-id=\"8e6c769\" data-element_type=\"section\" data-settings=\"{&quot;background_background&quot;:&quot;classic&quot;}\">\n\t\t\t\t\t\t<div class=\"elementor-container elementor-column-gap-default\">\n\t\t\t\t\t<div class=\"elementor-column elementor-col-50 elementor-top-column elementor-element elementor-element-e1c57ad\" data-id=\"e1c57ad\" data-element_type=\"column\" data-settings=\"{&quot;background_background&quot;:&quot;classic&quot;}\">\n\t\t\t<div class=\"elementor-widget-wrap elementor-element-populated\">\n\t\t\t\t\t\t<div class=\"elementor-element elementor-element-0bcbd82 elementor-widget elementor-widget-spacer\" data-id=\"0bcbd82\" data-element_type=\"widget\" data-widget_type=\"spacer.default\">\n\t\t\t\t<div class=\"elementor-widget-container\">\n\t\t\t<style>\/*! elementor - v3.23.0 - 23-07-2024 *\/\n.elementor-column .elementor-spacer-inner{height:var(--spacer-size)}.e-con{--container-widget-width:100%}.e-con-inner>.elementor-widget-spacer,.e-con>.elementor-widget-spacer{width:var(--container-widget-width,var(--spacer-size));--align-self:var(--container-widget-align-self,initial);--flex-shrink:0}.e-con-inner>.elementor-widget-spacer>.elementor-widget-container,.e-con>.elementor-widget-spacer>.elementor-widget-container{height:100%;width:100%}.e-con-inner>.elementor-widget-spacer>.elementor-widget-container>.elementor-spacer,.e-con>.elementor-widget-spacer>.elementor-widget-container>.elementor-spacer{height:100%}.e-con-inner>.elementor-widget-spacer>.elementor-widget-container>.elementor-spacer>.elementor-spacer-inner,.e-con>.elementor-widget-spacer>.elementor-widget-container>.elementor-spacer>.elementor-spacer-inner{height:var(--container-widget-height,var(--spacer-size))}.e-con-inner>.elementor-widget-spacer.elementor-widget-empty,.e-con>.elementor-widget-spacer.elementor-widget-empty{position:relative;min-height:22px;min-width:22px}.e-con-inner>.elementor-widget-spacer.elementor-widget-empty .elementor-widget-empty-icon,.e-con>.elementor-widget-spacer.elementor-widget-empty .elementor-widget-empty-icon{position:absolute;top:0;bottom:0;left:0;right:0;margin:auto;padding:0;width:22px;height:22px}<\/style>\t\t<div class=\"elementor-spacer\">\n\t\t\t<div class=\"elementor-spacer-inner\"><\/div>\n\t\t<\/div>\n\t\t\t\t<\/div>\n\t\t\t\t<\/div>\n\t\t\t\t\t<\/div>\n\t\t<\/div>\n\t\t\t\t<div class=\"elementor-column elementor-col-50 elementor-top-column elementor-element elementor-element-899782d\" data-id=\"899782d\" data-element_type=\"column\" data-settings=\"{&quot;background_background&quot;:&quot;classic&quot;}\">\n\t\t\t<div class=\"elementor-widget-wrap elementor-element-populated\">\n\t\t\t\t\t\t<div class=\"elementor-element elementor-element-f372ef0 elementor-widget elementor-widget-belfort_core_section_title\" data-id=\"f372ef0\" data-element_type=\"widget\" data-widget_type=\"belfort_core_section_title.default\">\n\t\t\t\t<div class=\"elementor-widget-container\">\n\t\t\t<div class=\"qodef-shortcode qodef-m  qodef-section-title qodef-alignment--left \">\n    \t<p class=\"qodef-m-label\" style=\"margin-bottom: 8px;color: #181D24\">Proiect cu dezvoltare mixt\u0103: reziden\u021bial \u0219i comercial<\/p>\n\t\t<h2 class=\"qodef-m-title\" style=\"color: #8E774C\">\n\t\t\t\t\tSpa\u021bii comerciale T1\t\t\t<\/h2>\n\t<\/div>\n\t\t<\/div>\n\t\t\t\t<\/div>\n\t\t\t\t<div class=\"elementor-element elementor-element-c50812c elementor-widget elementor-widget-belfort_core_dropcaps\" data-id=\"c50812c\" data-element_type=\"widget\" data-widget_type=\"belfort_core_dropcaps.default\">\n\t\t\t\t<div class=\"elementor-widget-container\">\n\t\t\t<div class=\"qodef-shortcode qodef-m  qodef-dropcaps qodef-type--simple\">\n\t<span class=\"qodef-m-letter\" ><\/span>\n\t\t\t<p class=\"qodef-m-text\" >Diferen\u021ba dintre un proiect bun \u0219i unul excep\u021bional, nu st\u0103 doar \u00een num\u0103rul de locuin\u021be propuse spre dezvoltare. Alinierea la cele mai noi standarde \u00een domeniu construc\u021biilor \u0219i finisajelor interioare, pot face diferen\u021ba, dar este oare de ajuns? <br>Ar putea fi. Dar noi, Elite Grup, consider\u0103m c\u0103 unul din avantajele proiectelor reziden\u021biale contemporane st\u0103 \u0219i \u00een diversitatea facilit\u0103\u021bilor pe care le asigur\u0103m viitorilor locuitori. Includerea \u00een proiect a diverselor zone de shopping \u0219i relaxare au venit astfel natural, \u00eentr-o zon\u0103 care \u00ee\u0219i propune s\u0103 devin\u0103 un centru de interes important \u00een Timi\u0219oara.<\/p>\n\t<\/div>\n\t\t<\/div>\n\t\t\t\t<\/div>\n\t\t\t\t\t<\/div>\n\t\t<\/div>\n\t\t\t\t\t<\/div>\n\t\t<\/section>\n\t\t<div class=\"elementor-element elementor-element-3ac9f19c e-con-full e-flex e-con e-parent\" data-id=\"3ac9f19c\" data-element_type=\"container\">\n\t\t\t\t<div class=\"elementor-element elementor-element-6efd819b elementor-widget elementor-widget-belfort_core_image_gallery\" data-id=\"6efd819b\" data-element_type=\"widget\" data-widget_type=\"belfort_core_image_gallery.default\">\n\t\t\t\t<div class=\"elementor-widget-container\">\n\t\t\t<div class=\"qodef-shortcode qodef-m  qodef-image-gallery qodef-show-image-border--no   qodef-grid qodef-swiper-container    qodef-col-num--3  qodef-responsive--predefined qodef-swiper--show-pagination qodef--drag-cursor\" data-options=\"{&quot;slidesPerView&quot;:&quot;3&quot;,&quot;spaceBetween&quot;:0,&quot;loop&quot;:true,&quot;autoplay&quot;:true,&quot;speed&quot;:&quot;&quot;,&quot;speedAnimation&quot;:&quot;&quot;,&quot;slideAnimation&quot;:&quot;&quot;,&quot;direction&quot;:&quot;&quot;,&quot;centeredSlides&quot;:true,&quot;sliderScroll&quot;:&quot;&quot;,&quot;loopAdditionalSlides&quot;:&quot;&quot;}\">\n\t<div class=\"swiper-wrapper\">\n\t\t<div class=\"qodef-e qodef-image-wrapper swiper-slide \">\n\t\t\t<img fetchpriority=\"high\" decoding=\"async\" src=\"https:\/\/www.elite.ro\/elitetown\/wp-content\/uploads\/2024\/06\/Elite-Town-03-500x500.jpg\" alt=\"\" width=\"500\" height=\"500\" data-ratio=\"1\" \/>\t<\/div>\n<div class=\"qodef-e qodef-image-wrapper swiper-slide \">\n\t\t\t<img decoding=\"async\" src=\"https:\/\/www.elite.ro\/elitetown\/wp-content\/uploads\/2024\/06\/Elite-Town-02-500x500.jpg\" alt=\"\" width=\"500\" height=\"500\" data-ratio=\"1\" \/>\t<\/div>\n<div class=\"qodef-e qodef-image-wrapper swiper-slide \">\n\t\t\t<img decoding=\"async\" src=\"https:\/\/www.elite.ro\/elitetown\/wp-content\/uploads\/2024\/06\/Elite-Town-04-500x500.jpg\" alt=\"\" width=\"500\" height=\"500\" data-ratio=\"1\" \/>\t<\/div>\n<div class=\"qodef-e qodef-image-wrapper swiper-slide \">\n\t\t\t<img loading=\"lazy\" decoding=\"async\" src=\"https:\/\/www.elite.ro\/elitetown\/wp-content\/uploads\/2024\/07\/living1-500x500.jpg\" alt=\"\" width=\"500\" height=\"500\" data-ratio=\"1\" \/>\t<\/div>\n<div class=\"qodef-e qodef-image-wrapper swiper-slide \">\n\t\t\t<img loading=\"lazy\" decoding=\"async\" src=\"https:\/\/www.elite.ro\/elitetown\/wp-content\/uploads\/2024\/07\/dormitor1-500x500.jpg\" alt=\"\" width=\"500\" height=\"500\" data-ratio=\"1\" \/>\t<\/div>\n<div class=\"qodef-e qodef-image-wrapper swiper-slide \">\n\t\t\t<img loading=\"lazy\" decoding=\"async\" src=\"https:\/\/www.elite.ro\/elitetown\/wp-content\/uploads\/2024\/07\/baie-500x500.jpg\" alt=\"\" width=\"500\" height=\"500\" data-ratio=\"1\" \/>\t<\/div>\n<div class=\"qodef-e qodef-image-wrapper swiper-slide \">\n\t\t\t<img loading=\"lazy\" decoding=\"async\" src=\"https:\/\/www.elite.ro\/elitetown\/wp-content\/uploads\/2024\/07\/hol-500x500.jpg\" alt=\"\" width=\"500\" height=\"500\" data-ratio=\"1\" \/>\t<\/div>\n<div class=\"qodef-e qodef-image-wrapper swiper-slide \">\n\t\t\t<img loading=\"lazy\" decoding=\"async\" src=\"https:\/\/www.elite.ro\/elitetown\/wp-content\/uploads\/2024\/07\/dormitor-mic-500x500.jpg\" alt=\"\" width=\"500\" height=\"500\" data-ratio=\"1\" \/>\t<\/div>\n<div class=\"qodef-e qodef-image-wrapper swiper-slide \">\n\t\t\t<img loading=\"lazy\" decoding=\"async\" src=\"https:\/\/www.elite.ro\/elitetown\/wp-content\/uploads\/2024\/07\/living2-500x500.jpg\" alt=\"\" width=\"500\" height=\"500\" data-ratio=\"1\" \/>\t<\/div>\n\t<\/div>\n\t\t<div class=\"swiper-button-prev \"><svg class=\"qodef-svg--slider-arrow-left\" xmlns=\"http:\/\/www.w3.org\/2000\/svg\" width=\"42.828\" height=\"82.828\" viewBox=\"0 0 42.828 82.828\"><path d=\"m41.414 1.414-40 41.078 40 38.922\" fill=\"none\" stroke=\"currentColor\" stroke-linecap=\"round\" stroke-width=\"2\"\/><\/svg><\/div>\n\t<div class=\"swiper-button-next \"><svg class=\"qodef-svg--slider-arrow-right\" xmlns=\"http:\/\/www.w3.org\/2000\/svg\" width=\"42.828\" height=\"82.828\" viewBox=\"0 0 42.828 82.828\"><path d=\"m1.414 81.414 40-41.073-40-38.927\" fill=\"none\" stroke=\"currentColor\" stroke-linecap=\"round\" stroke-width=\"2\"\/><\/svg><\/div>\n\t            <div class=\"swiper-pagination\"><\/div>\n    <\/div>\n\t\t<\/div>\n\t\t\t\t<\/div>\n\t\t\t\t<\/div>\n\t\t\t\t<\/div>\n\t\t","protected":false},"excerpt":{"rendered":"<p>Proiect cu dezvoltare mixt\u0103: reziden\u021bial \u0219i comercial Spa\u021bii comerciale T1 Diferen\u021ba dintre un proiect bun \u0219i unul excep\u021bional, nu st\u0103 doar \u00een num\u0103rul de locuin\u021be propuse spre dezvoltare. Alinierea la cele mai noi standarde \u00een domeniu construc\u021biilor \u0219i finisajelor interioare, pot face diferen\u021ba, dar este oare de ajuns? Ar putea fi. Dar noi, Elite Grup, [&hellip;]<\/p>\n","protected":false},"author":1,"featured_media":9398,"parent":0,"menu_order":0,"comment_status":"closed","ping_status":"closed","template":"","meta":{"footnotes":""},"class_list":["post-9426","page","type-page","status-publish","has-post-thumbnail","hentry"],"yoast_head":"<!-- This site is optimized with the Yoast SEO plugin v23.1 - https:\/\/yoast.com\/wordpress\/plugins\/seo\/ -->\n<title>Spa\u021bii Comerciale - Imobilul T1 - Elite Town Timi\u0219oara<\/title>\n<meta name=\"robots\" content=\"index, follow, max-snippet:-1, max-image-preview:large, max-video-preview:-1\" \/>\n<link rel=\"canonical\" href=\"https:\/\/www.elite.ro\/elitetown\/t1-spatiicomerciale\/\" \/>\n<meta property=\"og:locale\" content=\"en_US\" \/>\n<meta property=\"og:type\" content=\"article\" \/>\n<meta property=\"og:title\" content=\"Spa\u021bii Comerciale - Imobilul T1 - Elite Town Timi\u0219oara\" \/>\n<meta property=\"og:description\" content=\"Proiect cu dezvoltare mixt\u0103: reziden\u021bial \u0219i comercial Spa\u021bii comerciale T1 Diferen\u021ba dintre un proiect bun \u0219i unul excep\u021bional, nu st\u0103 doar \u00een num\u0103rul de locuin\u021be propuse spre dezvoltare. Alinierea la cele mai noi standarde \u00een domeniu construc\u021biilor \u0219i finisajelor interioare, pot face diferen\u021ba, dar este oare de ajuns? Ar putea fi. Dar noi, Elite Grup, [&hellip;]\" \/>\n<meta property=\"og:url\" content=\"https:\/\/www.elite.ro\/elitetown\/t1-spatiicomerciale\/\" \/>\n<meta property=\"og:site_name\" content=\"Elite Town Timi\u0219oara\" \/>\n<meta property=\"article:modified_time\" content=\"2024-07-24T08:40:47+00:00\" \/>\n<meta property=\"og:image\" content=\"https:\/\/www.elite.ro\/elitetown\/wp-content\/uploads\/2024\/07\/spatii-comerciale-s.jpg\" \/>\n\t<meta property=\"og:image:width\" content=\"1920\" \/>\n\t<meta property=\"og:image:height\" content=\"600\" \/>\n\t<meta property=\"og:image:type\" content=\"image\/jpeg\" \/>\n<meta name=\"twitter:card\" content=\"summary_large_image\" \/>\n<meta name=\"twitter:label1\" content=\"Est. reading time\" \/>\n\t<meta name=\"twitter:data1\" content=\"3 minutes\" \/>\n<script type=\"application\/ld+json\" class=\"yoast-schema-graph\">{\"@context\":\"https:\/\/schema.org\",\"@graph\":[{\"@type\":\"WebPage\",\"@id\":\"https:\/\/www.elite.ro\/elitetown\/t1-spatiicomerciale\/\",\"url\":\"https:\/\/www.elite.ro\/elitetown\/t1-spatiicomerciale\/\",\"name\":\"Spa\u021bii Comerciale - Imobilul T1 - Elite Town Timi\u0219oara\",\"isPartOf\":{\"@id\":\"https:\/\/www.elite.ro\/elitetown\/#website\"},\"primaryImageOfPage\":{\"@id\":\"https:\/\/www.elite.ro\/elitetown\/t1-spatiicomerciale\/#primaryimage\"},\"image\":{\"@id\":\"https:\/\/www.elite.ro\/elitetown\/t1-spatiicomerciale\/#primaryimage\"},\"thumbnailUrl\":\"https:\/\/www.elite.ro\/elitetown\/wp-content\/uploads\/2024\/07\/spatii-comerciale-s.jpg\",\"datePublished\":\"2024-07-14T16:23:30+00:00\",\"dateModified\":\"2024-07-24T08:40:47+00:00\",\"breadcrumb\":{\"@id\":\"https:\/\/www.elite.ro\/elitetown\/t1-spatiicomerciale\/#breadcrumb\"},\"inLanguage\":\"en-US\",\"potentialAction\":[{\"@type\":\"ReadAction\",\"target\":[\"https:\/\/www.elite.ro\/elitetown\/t1-spatiicomerciale\/\"]}]},{\"@type\":\"ImageObject\",\"inLanguage\":\"en-US\",\"@id\":\"https:\/\/www.elite.ro\/elitetown\/t1-spatiicomerciale\/#primaryimage\",\"url\":\"https:\/\/www.elite.ro\/elitetown\/wp-content\/uploads\/2024\/07\/spatii-comerciale-s.jpg\",\"contentUrl\":\"https:\/\/www.elite.ro\/elitetown\/wp-content\/uploads\/2024\/07\/spatii-comerciale-s.jpg\",\"width\":1920,\"height\":600},{\"@type\":\"BreadcrumbList\",\"@id\":\"https:\/\/www.elite.ro\/elitetown\/t1-spatiicomerciale\/#breadcrumb\",\"itemListElement\":[{\"@type\":\"ListItem\",\"position\":1,\"name\":\"Prima pagin\u0103\",\"item\":\"https:\/\/www.elite.ro\/elitetown\/\"},{\"@type\":\"ListItem\",\"position\":2,\"name\":\"Spa\u021bii Comerciale &#8211; Imobilul T1\"}]},{\"@type\":\"WebSite\",\"@id\":\"https:\/\/www.elite.ro\/elitetown\/#website\",\"url\":\"https:\/\/www.elite.ro\/elitetown\/\",\"name\":\"Elite Town Timi\u0219oara\",\"description\":\"\",\"potentialAction\":[{\"@type\":\"SearchAction\",\"target\":{\"@type\":\"EntryPoint\",\"urlTemplate\":\"https:\/\/www.elite.ro\/elitetown\/?s={search_term_string}\"},\"query-input\":\"required name=search_term_string\"}],\"inLanguage\":\"en-US\"}]}<\/script>\n<!-- \/ Yoast SEO plugin. -->","yoast_head_json":{"title":"Spa\u021bii Comerciale - Imobilul T1 - Elite Town Timi\u0219oara","robots":{"index":"index","follow":"follow","max-snippet":"max-snippet:-1","max-image-preview":"max-image-preview:large","max-video-preview":"max-video-preview:-1"},"canonical":"https:\/\/www.elite.ro\/elitetown\/t1-spatiicomerciale\/","og_locale":"en_US","og_type":"article","og_title":"Spa\u021bii Comerciale - Imobilul T1 - Elite Town Timi\u0219oara","og_description":"Proiect cu dezvoltare mixt\u0103: reziden\u021bial \u0219i comercial Spa\u021bii comerciale T1 Diferen\u021ba dintre un proiect bun \u0219i unul excep\u021bional, nu st\u0103 doar \u00een num\u0103rul de locuin\u021be propuse spre dezvoltare. Alinierea la cele mai noi standarde \u00een domeniu construc\u021biilor \u0219i finisajelor interioare, pot face diferen\u021ba, dar este oare de ajuns? Ar putea fi. Dar noi, Elite Grup, [&hellip;]","og_url":"https:\/\/www.elite.ro\/elitetown\/t1-spatiicomerciale\/","og_site_name":"Elite Town Timi\u0219oara","article_modified_time":"2024-07-24T08:40:47+00:00","og_image":[{"width":1920,"height":600,"url":"https:\/\/www.elite.ro\/elitetown\/wp-content\/uploads\/2024\/07\/spatii-comerciale-s.jpg","type":"image\/jpeg"}],"twitter_card":"summary_large_image","twitter_misc":{"Est. reading time":"3 minutes"},"schema":{"@context":"https:\/\/schema.org","@graph":[{"@type":"WebPage","@id":"https:\/\/www.elite.ro\/elitetown\/t1-spatiicomerciale\/","url":"https:\/\/www.elite.ro\/elitetown\/t1-spatiicomerciale\/","name":"Spa\u021bii Comerciale - Imobilul T1 - Elite Town Timi\u0219oara","isPartOf":{"@id":"https:\/\/www.elite.ro\/elitetown\/#website"},"primaryImageOfPage":{"@id":"https:\/\/www.elite.ro\/elitetown\/t1-spatiicomerciale\/#primaryimage"},"image":{"@id":"https:\/\/www.elite.ro\/elitetown\/t1-spatiicomerciale\/#primaryimage"},"thumbnailUrl":"https:\/\/www.elite.ro\/elitetown\/wp-content\/uploads\/2024\/07\/spatii-comerciale-s.jpg","datePublished":"2024-07-14T16:23:30+00:00","dateModified":"2024-07-24T08:40:47+00:00","breadcrumb":{"@id":"https:\/\/www.elite.ro\/elitetown\/t1-spatiicomerciale\/#breadcrumb"},"inLanguage":"en-US","potentialAction":[{"@type":"ReadAction","target":["https:\/\/www.elite.ro\/elitetown\/t1-spatiicomerciale\/"]}]},{"@type":"ImageObject","inLanguage":"en-US","@id":"https:\/\/www.elite.ro\/elitetown\/t1-spatiicomerciale\/#primaryimage","url":"https:\/\/www.elite.ro\/elitetown\/wp-content\/uploads\/2024\/07\/spatii-comerciale-s.jpg","contentUrl":"https:\/\/www.elite.ro\/elitetown\/wp-content\/uploads\/2024\/07\/spatii-comerciale-s.jpg","width":1920,"height":600},{"@type":"BreadcrumbList","@id":"https:\/\/www.elite.ro\/elitetown\/t1-spatiicomerciale\/#breadcrumb","itemListElement":[{"@type":"ListItem","position":1,"name":"Prima pagin\u0103","item":"https:\/\/www.elite.ro\/elitetown\/"},{"@type":"ListItem","position":2,"name":"Spa\u021bii Comerciale &#8211; Imobilul T1"}]},{"@type":"WebSite","@id":"https:\/\/www.elite.ro\/elitetown\/#website","url":"https:\/\/www.elite.ro\/elitetown\/","name":"Elite Town Timi\u0219oara","description":"","potentialAction":[{"@type":"SearchAction","target":{"@type":"EntryPoint","urlTemplate":"https:\/\/www.elite.ro\/elitetown\/?s={search_term_string}"},"query-input":"required name=search_term_string"}],"inLanguage":"en-US"}]}},"_links":{"self":[{"href":"https:\/\/www.elite.ro\/elitetown\/wp-json\/wp\/v2\/pages\/9426","targetHints":{"allow":["GET"]}}],"collection":[{"href":"https:\/\/www.elite.ro\/elitetown\/wp-json\/wp\/v2\/pages"}],"about":[{"href":"https:\/\/www.elite.ro\/elitetown\/wp-json\/wp\/v2\/types\/page"}],"author":[{"embeddable":true,"href":"https:\/\/www.elite.ro\/elitetown\/wp-json\/wp\/v2\/users\/1"}],"replies":[{"embeddable":true,"href":"https:\/\/www.elite.ro\/elitetown\/wp-json\/wp\/v2\/comments?post=9426"}],"version-history":[{"count":7,"href":"https:\/\/www.elite.ro\/elitetown\/wp-json\/wp\/v2\/pages\/9426\/revisions"}],"predecessor-version":[{"id":9435,"href":"https:\/\/www.elite.ro\/elitetown\/wp-json\/wp\/v2\/pages\/9426\/revisions\/9435"}],"wp:featuredmedia":[{"embeddable":true,"href":"https:\/\/www.elite.ro\/elitetown\/wp-json\/wp\/v2\/media\/9398"}],"wp:attachment":[{"href":"https:\/\/www.elite.ro\/elitetown\/wp-json\/wp\/v2\/media?parent=9426"}],"curies":[{"name":"wp","href":"https:\/\/api.w.org\/{rel}","templated":true}]}}