{"id":8284,"date":"2024-06-24T14:44:38","date_gmt":"2024-06-24T14:44:38","guid":{"rendered":"https:\/\/www.elite.ro\/elitetown\/?page_id=8284"},"modified":"2024-07-29T19:14:47","modified_gmt":"2024-07-29T19:14:47","slug":"nzeb","status":"publish","type":"page","link":"https:\/\/www.elite.ro\/elitetown\/nzeb\/","title":{"rendered":"nZeb"},"content":{"rendered":"\t\t<div data-elementor-type=\"wp-page\" data-elementor-id=\"8284\" class=\"elementor elementor-8284\">\n\t\t\t\t\t\t<section class=\"elementor-section elementor-top-section elementor-element elementor-element-8e6c769 elementor-section-full_width elementor-section-height-min-height elementor-section-height-default elementor-section-items-middle\" data-id=\"8e6c769\" data-element_type=\"section\" data-settings=\"{&quot;background_background&quot;:&quot;classic&quot;}\">\n\t\t\t\t\t\t<div class=\"elementor-container elementor-column-gap-default\">\n\t\t\t\t\t<div class=\"elementor-column elementor-col-100 elementor-top-column elementor-element elementor-element-1d048b7\" data-id=\"1d048b7\" data-element_type=\"column\">\n\t\t\t<div class=\"elementor-widget-wrap\">\n\t\t\t\t\t\t\t<\/div>\n\t\t<\/div>\n\t\t\t\t\t<\/div>\n\t\t<\/section>\n\t\t<div class=\"elementor-element elementor-element-41028e25 e-flex e-con-boxed e-con e-parent\" data-id=\"41028e25\" data-element_type=\"container\" data-settings=\"{&quot;background_background&quot;:&quot;classic&quot;}\">\n\t\t\t\t\t<div class=\"e-con-inner\">\n\t\t\t\t<div class=\"elementor-element elementor-element-5a9c1fab elementor-widget elementor-widget-belfort_core_section_title\" data-id=\"5a9c1fab\" data-element_type=\"widget\" data-widget_type=\"belfort_core_section_title.default\">\n\t\t\t\t<div class=\"elementor-widget-container\">\n\t\t\t<div class=\"qodef-shortcode qodef-m  qodef-section-title qodef-alignment--left \">\n    \t<p class=\"qodef-m-label\" style=\"color: #005E80\">standarde nzeb<\/p>\n\t\t<h2 class=\"qodef-m-title\" style=\"color: #005E80\">\n\t\t\t\t\tCe este standardul nZEB \u0219i la ce ne ajut\u0103?\t\t\t<\/h2>\n\t<\/div>\n\t\t<\/div>\n\t\t\t\t<\/div>\n\t\t\t\t<div class=\"elementor-element elementor-element-7b8ade2 elementor-widget elementor-widget-image\" data-id=\"7b8ade2\" data-element_type=\"widget\" data-widget_type=\"image.default\">\n\t\t\t\t<div class=\"elementor-widget-container\">\n\t\t\t<style>\/*! elementor - v3.23.0 - 23-07-2024 *\/\n.elementor-widget-image{text-align:center}.elementor-widget-image a{display:inline-block}.elementor-widget-image a img[src$=\".svg\"]{width:48px}.elementor-widget-image img{vertical-align:middle;display:inline-block}<\/style>\t\t\t\t\t\t\t\t\t\t<img decoding=\"async\" width=\"300\" height=\"127\" src=\"https:\/\/www.elite.ro\/elitetown\/wp-content\/uploads\/2024\/06\/nZeb.png\" class=\"attachment-full size-full wp-image-8287\" alt=\"\" \/>\t\t\t\t\t\t\t\t\t\t\t\t\t<\/div>\n\t\t\t\t<\/div>\n\t\t\t\t<div class=\"elementor-element elementor-element-d4e0c02 elementor-widget elementor-widget-text-editor\" data-id=\"d4e0c02\" data-element_type=\"widget\" data-widget_type=\"text-editor.default\">\n\t\t\t\t<div class=\"elementor-widget-container\">\n\t\t\t<style>\/*! elementor - v3.23.0 - 23-07-2024 *\/\n.elementor-widget-text-editor.elementor-drop-cap-view-stacked .elementor-drop-cap{background-color:#69727d;color:#fff}.elementor-widget-text-editor.elementor-drop-cap-view-framed .elementor-drop-cap{color:#69727d;border:3px solid;background-color:transparent}.elementor-widget-text-editor:not(.elementor-drop-cap-view-default) .elementor-drop-cap{margin-top:8px}.elementor-widget-text-editor:not(.elementor-drop-cap-view-default) .elementor-drop-cap-letter{width:1em;height:1em}.elementor-widget-text-editor .elementor-drop-cap{float:left;text-align:center;line-height:1;font-size:50px}.elementor-widget-text-editor .elementor-drop-cap-letter{display:inline-block}<\/style>\t\t\t\t<p><span style=\"color: #000000;\"><b>nZEB = nearly Zero-Energy Building &#8211; Locuin\u021b\u0103 cu consum de energie aproape zero:<\/b><\/span><\/p><p><span style=\"font-weight: 400; color: #000000;\">O cl\u0103dire cu o performan\u021b\u0103 energetic\u0103 foarte ridicat\u0103, la care necesarul de energie pentru asigurarea performan\u021bei energetice este aproape egal cu zero sau este foarte sc\u0103zut \u0219i este acoperit \u00een propor\u021bie de minimum 30%, cu energie din surse regenerabile, inclusiv cu energie din surse regenerabile produs\u0103 la fa\u021ba locului sau \u00een apropiere.<\/span><\/p><p><span style=\"color: #000000;\"><b>Beneficii directe pentru locatari:<\/b><\/span><\/p><ul><li style=\"font-weight: 400;\" aria-level=\"1\"><span style=\"font-weight: 400; color: #000000;\">Economii importante la facturi\u00a0<\/span><\/li><li style=\"font-weight: 400;\" aria-level=\"1\"><span style=\"font-weight: 400; color: #000000;\">Confort termic superior, pierderi mai mici de c\u0103ldur\u0103 \u00een timpul rece \u0219i nevoie sc\u0103zut\u0103 de a r\u0103ci locuin\u021ba pe timpul verii\u00a0<\/span><\/li><li style=\"font-weight: 400;\" aria-level=\"1\"><span style=\"font-weight: 400; color: #000000;\">Calitatea aerului din locuin\u021b\u0103 mai bun\u0103\u00a0<\/span><\/li><li style=\"font-weight: 400;\" aria-level=\"1\"><span style=\"font-weight: 400; color: #000000;\">Izolare fonic\u0103 superioar\u0103 (datorit\u0103 materialelor folosite)\u00a0<\/span><\/li><li style=\"font-weight: 400;\" aria-level=\"1\"><span style=\"font-weight: 400; color: #000000;\">Dioxidul de carbon eliberat \u00een atmosfer\u0103 redus \u2013 locuie\u0219ti \u00eentr-un mediu cu aer mai curat (datorit\u0103 folosirii energiei din resurse regenerabile)\u00a0<\/span><\/li><li style=\"font-weight: 400;\" aria-level=\"1\"><span style=\"font-weight: 400; color: #000000;\">Mai multa lumin\u0103 natural\u0103 (spa\u021bii vitrate generoase)\u00a0<\/span><\/li><li style=\"font-weight: 400;\" aria-level=\"1\"><span style=\"font-weight: 400; color: #000000;\">Cre\u0219te valoarea locuin\u021bei<\/span><\/li><\/ul><p><span style=\"font-weight: 400; color: #000000;\">Alegerea standardului nZEB pentru construirea unui proiect reziden\u021bial arat\u0103 angajamentul Elite Town fa\u021b\u0103 de sustenabilitate, dar \u0219i respect pentru mediul \u00eenconjur\u0103tor. \u00cen plus, beneficiile pentru locatari, c\u00e2t \u0219i pentru comunitate nu sunt deloc de neglijat!<\/span><\/p>\t\t\t\t\t\t<\/div>\n\t\t\t\t<\/div>\n\t\t\t\t\t<\/div>\n\t\t\t\t<\/div>\n\t\t\t\t<\/div>\n\t\t","protected":false},"excerpt":{"rendered":"<p>standarde nzeb Ce este standardul nZEB \u0219i la ce ne ajut\u0103? nZEB = nearly Zero-Energy Building &#8211; Locuin\u021b\u0103 cu consum de energie aproape zero: O cl\u0103dire cu o performan\u021b\u0103 energetic\u0103 foarte ridicat\u0103, la care necesarul de energie pentru asigurarea performan\u021bei energetice este aproape egal cu zero sau este foarte sc\u0103zut \u0219i este acoperit \u00een propor\u021bie [&hellip;]<\/p>\n","protected":false},"author":1,"featured_media":9983,"parent":0,"menu_order":0,"comment_status":"closed","ping_status":"closed","template":"","meta":{"footnotes":""},"class_list":["post-8284","page","type-page","status-publish","has-post-thumbnail","hentry"],"yoast_head":"<!-- This site is optimized with the Yoast SEO plugin v23.1 - https:\/\/yoast.com\/wordpress\/plugins\/seo\/ -->\n<title>nZeb - Elite Town Timi\u0219oara<\/title>\n<meta name=\"robots\" content=\"index, follow, max-snippet:-1, max-image-preview:large, max-video-preview:-1\" \/>\n<link rel=\"canonical\" href=\"https:\/\/www.elite.ro\/elitetown\/nzeb\/\" \/>\n<meta property=\"og:locale\" content=\"en_US\" \/>\n<meta property=\"og:type\" content=\"article\" \/>\n<meta property=\"og:title\" content=\"nZeb - Elite Town Timi\u0219oara\" \/>\n<meta property=\"og:description\" content=\"standarde nzeb Ce este standardul nZEB \u0219i la ce ne ajut\u0103? nZEB = nearly Zero-Energy Building &#8211; Locuin\u021b\u0103 cu consum de energie aproape zero: O cl\u0103dire cu o performan\u021b\u0103 energetic\u0103 foarte ridicat\u0103, la care necesarul de energie pentru asigurarea performan\u021bei energetice este aproape egal cu zero sau este foarte sc\u0103zut \u0219i este acoperit \u00een propor\u021bie [&hellip;]\" \/>\n<meta property=\"og:url\" content=\"https:\/\/www.elite.ro\/elitetown\/nzeb\/\" \/>\n<meta property=\"og:site_name\" content=\"Elite Town Timi\u0219oara\" \/>\n<meta property=\"article:modified_time\" content=\"2024-07-29T19:14:47+00:00\" \/>\n<meta property=\"og:image\" content=\"https:\/\/www.elite.ro\/elitetown\/wp-content\/uploads\/2024\/07\/featured-image.jpg\" \/>\n\t<meta property=\"og:image:width\" content=\"2048\" \/>\n\t<meta property=\"og:image:height\" content=\"1149\" \/>\n\t<meta property=\"og:image:type\" content=\"image\/jpeg\" \/>\n<meta name=\"twitter:card\" content=\"summary_large_image\" \/>\n<meta name=\"twitter:label1\" content=\"Est. reading time\" \/>\n\t<meta name=\"twitter:data1\" content=\"2 minutes\" \/>\n<script type=\"application\/ld+json\" class=\"yoast-schema-graph\">{\"@context\":\"https:\/\/schema.org\",\"@graph\":[{\"@type\":\"WebPage\",\"@id\":\"https:\/\/www.elite.ro\/elitetown\/nzeb\/\",\"url\":\"https:\/\/www.elite.ro\/elitetown\/nzeb\/\",\"name\":\"nZeb - Elite Town Timi\u0219oara\",\"isPartOf\":{\"@id\":\"https:\/\/www.elite.ro\/elitetown\/#website\"},\"primaryImageOfPage\":{\"@id\":\"https:\/\/www.elite.ro\/elitetown\/nzeb\/#primaryimage\"},\"image\":{\"@id\":\"https:\/\/www.elite.ro\/elitetown\/nzeb\/#primaryimage\"},\"thumbnailUrl\":\"https:\/\/www.elite.ro\/elitetown\/wp-content\/uploads\/2024\/07\/featured-image.jpg\",\"datePublished\":\"2024-06-24T14:44:38+00:00\",\"dateModified\":\"2024-07-29T19:14:47+00:00\",\"breadcrumb\":{\"@id\":\"https:\/\/www.elite.ro\/elitetown\/nzeb\/#breadcrumb\"},\"inLanguage\":\"en-US\",\"potentialAction\":[{\"@type\":\"ReadAction\",\"target\":[\"https:\/\/www.elite.ro\/elitetown\/nzeb\/\"]}]},{\"@type\":\"ImageObject\",\"inLanguage\":\"en-US\",\"@id\":\"https:\/\/www.elite.ro\/elitetown\/nzeb\/#primaryimage\",\"url\":\"https:\/\/www.elite.ro\/elitetown\/wp-content\/uploads\/2024\/07\/featured-image.jpg\",\"contentUrl\":\"https:\/\/www.elite.ro\/elitetown\/wp-content\/uploads\/2024\/07\/featured-image.jpg\",\"width\":2048,\"height\":1149},{\"@type\":\"BreadcrumbList\",\"@id\":\"https:\/\/www.elite.ro\/elitetown\/nzeb\/#breadcrumb\",\"itemListElement\":[{\"@type\":\"ListItem\",\"position\":1,\"name\":\"Prima pagin\u0103\",\"item\":\"https:\/\/www.elite.ro\/elitetown\/\"},{\"@type\":\"ListItem\",\"position\":2,\"name\":\"nZeb\"}]},{\"@type\":\"WebSite\",\"@id\":\"https:\/\/www.elite.ro\/elitetown\/#website\",\"url\":\"https:\/\/www.elite.ro\/elitetown\/\",\"name\":\"Elite Town Timi\u0219oara\",\"description\":\"\",\"potentialAction\":[{\"@type\":\"SearchAction\",\"target\":{\"@type\":\"EntryPoint\",\"urlTemplate\":\"https:\/\/www.elite.ro\/elitetown\/?s={search_term_string}\"},\"query-input\":\"required name=search_term_string\"}],\"inLanguage\":\"en-US\"}]}<\/script>\n<!-- \/ Yoast SEO plugin. -->","yoast_head_json":{"title":"nZeb - Elite Town Timi\u0219oara","robots":{"index":"index","follow":"follow","max-snippet":"max-snippet:-1","max-image-preview":"max-image-preview:large","max-video-preview":"max-video-preview:-1"},"canonical":"https:\/\/www.elite.ro\/elitetown\/nzeb\/","og_locale":"en_US","og_type":"article","og_title":"nZeb - Elite Town Timi\u0219oara","og_description":"standarde nzeb Ce este standardul nZEB \u0219i la ce ne ajut\u0103? nZEB = nearly Zero-Energy Building &#8211; Locuin\u021b\u0103 cu consum de energie aproape zero: O cl\u0103dire cu o performan\u021b\u0103 energetic\u0103 foarte ridicat\u0103, la care necesarul de energie pentru asigurarea performan\u021bei energetice este aproape egal cu zero sau este foarte sc\u0103zut \u0219i este acoperit \u00een propor\u021bie [&hellip;]","og_url":"https:\/\/www.elite.ro\/elitetown\/nzeb\/","og_site_name":"Elite Town Timi\u0219oara","article_modified_time":"2024-07-29T19:14:47+00:00","og_image":[{"width":2048,"height":1149,"url":"https:\/\/www.elite.ro\/elitetown\/wp-content\/uploads\/2024\/07\/featured-image.jpg","type":"image\/jpeg"}],"twitter_card":"summary_large_image","twitter_misc":{"Est. reading time":"2 minutes"},"schema":{"@context":"https:\/\/schema.org","@graph":[{"@type":"WebPage","@id":"https:\/\/www.elite.ro\/elitetown\/nzeb\/","url":"https:\/\/www.elite.ro\/elitetown\/nzeb\/","name":"nZeb - Elite Town Timi\u0219oara","isPartOf":{"@id":"https:\/\/www.elite.ro\/elitetown\/#website"},"primaryImageOfPage":{"@id":"https:\/\/www.elite.ro\/elitetown\/nzeb\/#primaryimage"},"image":{"@id":"https:\/\/www.elite.ro\/elitetown\/nzeb\/#primaryimage"},"thumbnailUrl":"https:\/\/www.elite.ro\/elitetown\/wp-content\/uploads\/2024\/07\/featured-image.jpg","datePublished":"2024-06-24T14:44:38+00:00","dateModified":"2024-07-29T19:14:47+00:00","breadcrumb":{"@id":"https:\/\/www.elite.ro\/elitetown\/nzeb\/#breadcrumb"},"inLanguage":"en-US","potentialAction":[{"@type":"ReadAction","target":["https:\/\/www.elite.ro\/elitetown\/nzeb\/"]}]},{"@type":"ImageObject","inLanguage":"en-US","@id":"https:\/\/www.elite.ro\/elitetown\/nzeb\/#primaryimage","url":"https:\/\/www.elite.ro\/elitetown\/wp-content\/uploads\/2024\/07\/featured-image.jpg","contentUrl":"https:\/\/www.elite.ro\/elitetown\/wp-content\/uploads\/2024\/07\/featured-image.jpg","width":2048,"height":1149},{"@type":"BreadcrumbList","@id":"https:\/\/www.elite.ro\/elitetown\/nzeb\/#breadcrumb","itemListElement":[{"@type":"ListItem","position":1,"name":"Prima pagin\u0103","item":"https:\/\/www.elite.ro\/elitetown\/"},{"@type":"ListItem","position":2,"name":"nZeb"}]},{"@type":"WebSite","@id":"https:\/\/www.elite.ro\/elitetown\/#website","url":"https:\/\/www.elite.ro\/elitetown\/","name":"Elite Town Timi\u0219oara","description":"","potentialAction":[{"@type":"SearchAction","target":{"@type":"EntryPoint","urlTemplate":"https:\/\/www.elite.ro\/elitetown\/?s={search_term_string}"},"query-input":"required name=search_term_string"}],"inLanguage":"en-US"}]}},"_links":{"self":[{"href":"https:\/\/www.elite.ro\/elitetown\/wp-json\/wp\/v2\/pages\/8284","targetHints":{"allow":["GET"]}}],"collection":[{"href":"https:\/\/www.elite.ro\/elitetown\/wp-json\/wp\/v2\/pages"}],"about":[{"href":"https:\/\/www.elite.ro\/elitetown\/wp-json\/wp\/v2\/types\/page"}],"author":[{"embeddable":true,"href":"https:\/\/www.elite.ro\/elitetown\/wp-json\/wp\/v2\/users\/1"}],"replies":[{"embeddable":true,"href":"https:\/\/www.elite.ro\/elitetown\/wp-json\/wp\/v2\/comments?post=8284"}],"version-history":[{"count":13,"href":"https:\/\/www.elite.ro\/elitetown\/wp-json\/wp\/v2\/pages\/8284\/revisions"}],"predecessor-version":[{"id":10055,"href":"https:\/\/www.elite.ro\/elitetown\/wp-json\/wp\/v2\/pages\/8284\/revisions\/10055"}],"wp:featuredmedia":[{"embeddable":true,"href":"https:\/\/www.elite.ro\/elitetown\/wp-json\/wp\/v2\/media\/9983"}],"wp:attachment":[{"href":"https:\/\/www.elite.ro\/elitetown\/wp-json\/wp\/v2\/media?parent=8284"}],"curies":[{"name":"wp","href":"https:\/\/api.w.org\/{rel}","templated":true}]}}