{"id":8272,"date":"2024-06-24T14:02:56","date_gmt":"2024-06-24T14:02:56","guid":{"rendered":"https:\/\/www.elite.ro\/elitetown\/?page_id=8272"},"modified":"2024-07-29T19:16:44","modified_gmt":"2024-07-29T19:16:44","slug":"despre-noi","status":"publish","type":"page","link":"https:\/\/www.elite.ro\/elitetown\/despre-noi\/","title":{"rendered":"Despre noi"},"content":{"rendered":"\t\t<div data-elementor-type=\"wp-page\" data-elementor-id=\"8272\" class=\"elementor elementor-8272\">\n\t\t\t\t\t\t<section class=\"elementor-section elementor-top-section elementor-element elementor-element-8e6c769 elementor-section-full_width elementor-section-height-min-height elementor-section-height-default elementor-section-items-middle\" data-id=\"8e6c769\" data-element_type=\"section\" data-settings=\"{&quot;background_background&quot;:&quot;classic&quot;}\">\n\t\t\t\t\t\t<div class=\"elementor-container elementor-column-gap-default\">\n\t\t\t\t\t<div class=\"elementor-column elementor-col-100 elementor-top-column elementor-element elementor-element-1d048b7\" data-id=\"1d048b7\" data-element_type=\"column\">\n\t\t\t<div class=\"elementor-widget-wrap\">\n\t\t\t\t\t\t\t<\/div>\n\t\t<\/div>\n\t\t\t\t\t<\/div>\n\t\t<\/section>\n\t\t<div class=\"elementor-element elementor-element-41028e25 e-flex e-con-boxed e-con e-parent\" data-id=\"41028e25\" data-element_type=\"container\" data-settings=\"{&quot;background_background&quot;:&quot;classic&quot;}\">\n\t\t\t\t\t<div class=\"e-con-inner\">\n\t\t\t\t<div class=\"elementor-element elementor-element-5a9c1fab elementor-widget elementor-widget-belfort_core_section_title\" data-id=\"5a9c1fab\" data-element_type=\"widget\" data-widget_type=\"belfort_core_section_title.default\">\n\t\t\t\t<div class=\"elementor-widget-container\">\n\t\t\t<div class=\"qodef-shortcode qodef-m  qodef-section-title qodef-alignment--left \">\n    \t<p class=\"qodef-m-label\" style=\"color: #005E80\">Elite Grup<\/p>\n\t\t<h2 class=\"qodef-m-title\" style=\"color: #005E80\">\n\t\t\t\t\tDespre noi\t\t\t<\/h2>\n\t<\/div>\n\t\t<\/div>\n\t\t\t\t<\/div>\n\t\t\t\t<div class=\"elementor-element elementor-element-d4e0c02 elementor-widget elementor-widget-text-editor\" data-id=\"d4e0c02\" data-element_type=\"widget\" data-widget_type=\"text-editor.default\">\n\t\t\t\t<div class=\"elementor-widget-container\">\n\t\t\t<style>\/*! elementor - v3.23.0 - 23-07-2024 *\/\n.elementor-widget-text-editor.elementor-drop-cap-view-stacked .elementor-drop-cap{background-color:#69727d;color:#fff}.elementor-widget-text-editor.elementor-drop-cap-view-framed .elementor-drop-cap{color:#69727d;border:3px solid;background-color:transparent}.elementor-widget-text-editor:not(.elementor-drop-cap-view-default) .elementor-drop-cap{margin-top:8px}.elementor-widget-text-editor:not(.elementor-drop-cap-view-default) .elementor-drop-cap-letter{width:1em;height:1em}.elementor-widget-text-editor .elementor-drop-cap{float:left;text-align:center;line-height:1;font-size:50px}.elementor-widget-text-editor .elementor-drop-cap-letter{display:inline-block}<\/style>\t\t\t\t<p><span style=\"color: #000000;\">Elite Grup reprezint\u0103 grupul de firme num\u0103rul unu din Transilvania \u00een domeniul imobiliar \u015fi al construc\u0163iilor, dezvoltatorul ansamblurilor marca Grand Park, cu peste 25 ani de experien\u021b\u0103 \u00een domeniul construc\u021biilor \u0219i dezvolt\u0103rii imobiliare, at\u00e2t \u00een \u0163ar\u0103, c\u00e2t \u015fi \u00een str\u0103in\u0103tate.<\/span><\/p><p><span style=\"color: #000000;\">Suntem dezvoltatorii ansamblurilor reziden\u021biale\u00a0<em>Grand Park Residence, Junior Residence, Bonjour Residence, Grand Park Sud Residence\u00a0<\/em>din Cluj-Napoca<em>, Grand Park Pipera\u00a0<\/em>Bucure\u0219ti<em>,\u00a0<\/em>proiecte finalizate \u0219i<em>\u00a0Grand Park Tower\u00a0<\/em>Timi\u0219oara<em>.<\/em><\/span><\/p><p><span style=\"color: #000000;\">Oferim noi stiluri de via\u021b\u0103, prin crearea continu\u0103 de proiecte imobiliare moderne \u0219i complexe \u00een domeniul reziden\u021bial, comercial \u0219i birouri, care includ toate facilit\u0103\u021bile necesare. Acoperim toate etapele dezvolt\u0103rii imobiliare, \u00eencep\u00e2nd de la alegerea cu grij\u0103 a loca\u021biei, dezvoltarea conceptului, implementarea \u0219i construirea proiectului p\u00e2n\u0103 la v\u00e2nzarea acestuia.\u00a0<\/span><\/p><p><span style=\"color: #005e80;\"><strong>Profesionalitate. Competen\u021b\u0103. Dinamism. Inova\u021bie.<\/strong><\/span><span style=\"color: #000000;\">\u00a0\u2013 sunt principiile care au stat la baza dezvolt\u0103rii afacerii \u0219i a proiectelor imobiliare \u00een derulare.<\/span><\/p><p><span style=\"color: #000000;\">Continu\u0103m s\u0103 dezvolt\u0103m noi concepte imobiliare \u0219i de regenerare urban\u0103, la cel mai \u00eenalt nivel, prin \u00eenglobarea celor mai noi tehnologii, sub brandul ELITE.<\/span><\/p><p><span style=\"color: #005e80;\"><em>Be part of the Elite.<\/em><\/span><\/p>\t\t\t\t\t\t<\/div>\n\t\t\t\t<\/div>\n\t\t\t\t\t<\/div>\n\t\t\t\t<\/div>\n\t\t<div class=\"elementor-element elementor-element-bb91506 e-flex e-con-boxed e-con e-parent\" data-id=\"bb91506\" data-element_type=\"container\">\n\t\t\t\t\t<div class=\"e-con-inner\">\n\t\t<div class=\"elementor-element elementor-element-19aa25f e-con-full e-flex e-con e-child\" data-id=\"19aa25f\" data-element_type=\"container\">\n\t\t\t\t<div class=\"elementor-element elementor-element-68e2625 elementor-widget elementor-widget-belfort_core_icon_list_item\" data-id=\"68e2625\" data-element_type=\"widget\" data-widget_type=\"belfort_core_icon_list_item.default\">\n\t\t\t\t<div class=\"elementor-widget-container\">\n\t\t\t<div class=\"qodef-icon-list-item qodef-icon--icon-pack\" >\n\t<h4 class=\"qodef-e-title\" style=\"color: #005E80\">\n\t\t\t\t\t<span class=\"qodef-e-title-inner\">\n\t\t\t\t<span class=\"qodef-shortcode qodef-m  qodef-icon-holder  qodef-layout--normal\"  >\t\t\t<span class=\"qodef-icon-elegant-icons icon_box-checked qodef-icon qodef-e\" style=\"color: #005E80;font-size: 50px\" ><\/span>\t<\/span>\t\t\t\t<span class=\"qodef-e-title-text\">peste 3000 apartamente construite<\/span>\n\t\t\t<\/span>\n\t\t\t<\/h4>\n<\/div>\n\t\t<\/div>\n\t\t\t\t<\/div>\n\t\t\t\t<div class=\"elementor-element elementor-element-7e8aa09 elementor-widget elementor-widget-belfort_core_icon_list_item\" data-id=\"7e8aa09\" data-element_type=\"widget\" data-widget_type=\"belfort_core_icon_list_item.default\">\n\t\t\t\t<div class=\"elementor-widget-container\">\n\t\t\t<div class=\"qodef-icon-list-item qodef-icon--icon-pack\" >\n\t<h4 class=\"qodef-e-title\" style=\"color: #005E80\">\n\t\t\t\t\t<span class=\"qodef-e-title-inner\">\n\t\t\t\t<span class=\"qodef-shortcode qodef-m  qodef-icon-holder  qodef-layout--normal\"  >\t\t\t<span class=\"qodef-icon-elegant-icons icon_box-checked qodef-icon qodef-e\" style=\"color: #005E80;font-size: 50px\" ><\/span>\t<\/span>\t\t\t\t<span class=\"qodef-e-title-text\">8 proiecte finalizate cu success<\/span>\n\t\t\t<\/span>\n\t\t\t<\/h4>\n<\/div>\n\t\t<\/div>\n\t\t\t\t<\/div>\n\t\t\t\t<div class=\"elementor-element elementor-element-0f4e90d elementor-widget elementor-widget-belfort_core_icon_list_item\" data-id=\"0f4e90d\" data-element_type=\"widget\" data-widget_type=\"belfort_core_icon_list_item.default\">\n\t\t\t\t<div class=\"elementor-widget-container\">\n\t\t\t<div class=\"qodef-icon-list-item qodef-icon--icon-pack\" >\n\t<h4 class=\"qodef-e-title\" style=\"color: #005E80\">\n\t\t\t\t\t<span class=\"qodef-e-title-inner\">\n\t\t\t\t<span class=\"qodef-shortcode qodef-m  qodef-icon-holder  qodef-layout--normal\"  >\t\t\t<span class=\"qodef-icon-elegant-icons icon_box-checked qodef-icon qodef-e\" style=\"color: #005E80;font-size: 50px\" ><\/span>\t<\/span>\t\t\t\t<span class=\"qodef-e-title-text\">+25 ani experien\u021b\u0103 \u00een domeniu<\/span>\n\t\t\t<\/span>\n\t\t\t<\/h4>\n<\/div>\n\t\t<\/div>\n\t\t\t\t<\/div>\n\t\t\t\t<\/div>\n\t\t<div class=\"elementor-element elementor-element-2372653 e-con-full e-flex e-con e-child\" data-id=\"2372653\" data-element_type=\"container\">\n\t\t\t\t<div class=\"elementor-element elementor-element-b47e05e elementor-widget elementor-widget-belfort_core_icon_list_item\" data-id=\"b47e05e\" data-element_type=\"widget\" data-widget_type=\"belfort_core_icon_list_item.default\">\n\t\t\t\t<div class=\"elementor-widget-container\">\n\t\t\t<div class=\"qodef-icon-list-item qodef-icon--icon-pack\" >\n\t<h4 class=\"qodef-e-title\" style=\"color: #005E80\">\n\t\t\t\t\t<span class=\"qodef-e-title-inner\">\n\t\t\t\t<span class=\"qodef-shortcode qodef-m  qodef-icon-holder  qodef-layout--normal\"  >\t\t\t<span class=\"qodef-icon-elegant-icons icon_box-checked qodef-icon qodef-e\" style=\"color: #005E80;font-size: 50px\" ><\/span>\t<\/span>\t\t\t\t<span class=\"qodef-e-title-text\">Capital privat integral rom\u00e2nesc<\/span>\n\t\t\t<\/span>\n\t\t\t<\/h4>\n<\/div>\n\t\t<\/div>\n\t\t\t\t<\/div>\n\t\t\t\t<div class=\"elementor-element elementor-element-0983e53 elementor-widget elementor-widget-belfort_core_icon_list_item\" data-id=\"0983e53\" data-element_type=\"widget\" data-widget_type=\"belfort_core_icon_list_item.default\">\n\t\t\t\t<div class=\"elementor-widget-container\">\n\t\t\t<div class=\"qodef-icon-list-item qodef-icon--icon-pack\" >\n\t<h4 class=\"qodef-e-title\" style=\"color: #005E80\">\n\t\t\t\t\t<span class=\"qodef-e-title-inner\">\n\t\t\t\t<span class=\"qodef-shortcode qodef-m  qodef-icon-holder  qodef-layout--normal\"  >\t\t\t<span class=\"qodef-icon-elegant-icons icon_box-checked qodef-icon qodef-e\" style=\"color: #005E80;font-size: 50px\" ><\/span>\t<\/span>\t\t\t\t<span class=\"qodef-e-title-text\">locul 2, Forbes 2019, domeniul imobiliare<\/span>\n\t\t\t<\/span>\n\t\t\t<\/h4>\n<\/div>\n\t\t<\/div>\n\t\t\t\t<\/div>\n\t\t\t\t<div class=\"elementor-element elementor-element-8216aa7 elementor-widget elementor-widget-belfort_core_icon_list_item\" data-id=\"8216aa7\" data-element_type=\"widget\" data-widget_type=\"belfort_core_icon_list_item.default\">\n\t\t\t\t<div class=\"elementor-widget-container\">\n\t\t\t<div class=\"qodef-icon-list-item qodef-icon--icon-pack\" >\n\t<h4 class=\"qodef-e-title\" style=\"color: #005E80\">\n\t\t\t\t\t<span class=\"qodef-e-title-inner\">\n\t\t\t\t<span class=\"qodef-shortcode qodef-m  qodef-icon-holder  qodef-layout--normal\"  >\t\t\t<span class=\"qodef-icon-elegant-icons icon_box-checked qodef-icon qodef-e\" style=\"color: #005E80;font-size: 50px\" ><\/span>\t<\/span>\t\t\t\t<span class=\"qodef-e-title-text\">3 ora\u0219e unde construim: Cluj, Bucure\u0219ti \u0219i Timi\u0219oara<\/span>\n\t\t\t<\/span>\n\t\t\t<\/h4>\n<\/div>\n\t\t<\/div>\n\t\t\t\t<\/div>\n\t\t\t\t<\/div>\n\t\t\t\t\t<\/div>\n\t\t\t\t<\/div>\n\t\t\t\t<\/div>\n\t\t","protected":false},"excerpt":{"rendered":"<p>Elite Grup Despre noi Elite Grup reprezint\u0103 grupul de firme num\u0103rul unu din Transilvania \u00een domeniul imobiliar \u015fi al construc\u0163iilor, dezvoltatorul ansamblurilor marca Grand Park, cu peste 25 ani de experien\u021b\u0103 \u00een domeniul construc\u021biilor \u0219i dezvolt\u0103rii imobiliare, at\u00e2t \u00een \u0163ar\u0103, c\u00e2t \u015fi \u00een str\u0103in\u0103tate. Suntem dezvoltatorii ansamblurilor reziden\u021biale\u00a0Grand Park Residence, Junior Residence, Bonjour Residence, Grand [&hellip;]<\/p>\n","protected":false},"author":1,"featured_media":9522,"parent":0,"menu_order":0,"comment_status":"closed","ping_status":"closed","template":"","meta":{"footnotes":""},"class_list":["post-8272","page","type-page","status-publish","has-post-thumbnail","hentry"],"yoast_head":"<!-- This site is optimized with the Yoast SEO plugin v23.1 - https:\/\/yoast.com\/wordpress\/plugins\/seo\/ -->\n<title>Despre noi - Elite Town Timi\u0219oara<\/title>\n<meta name=\"robots\" content=\"index, follow, max-snippet:-1, max-image-preview:large, max-video-preview:-1\" \/>\n<link rel=\"canonical\" href=\"https:\/\/www.elite.ro\/elitetown\/despre-noi\/\" \/>\n<meta property=\"og:locale\" content=\"en_US\" \/>\n<meta property=\"og:type\" content=\"article\" \/>\n<meta property=\"og:title\" content=\"Despre noi - Elite Town Timi\u0219oara\" \/>\n<meta property=\"og:description\" content=\"Elite Grup Despre noi Elite Grup reprezint\u0103 grupul de firme num\u0103rul unu din Transilvania \u00een domeniul imobiliar \u015fi al construc\u0163iilor, dezvoltatorul ansamblurilor marca Grand Park, cu peste 25 ani de experien\u021b\u0103 \u00een domeniul construc\u021biilor \u0219i dezvolt\u0103rii imobiliare, at\u00e2t \u00een \u0163ar\u0103, c\u00e2t \u015fi \u00een str\u0103in\u0103tate. Suntem dezvoltatorii ansamblurilor reziden\u021biale\u00a0Grand Park Residence, Junior Residence, Bonjour Residence, Grand [&hellip;]\" \/>\n<meta property=\"og:url\" content=\"https:\/\/www.elite.ro\/elitetown\/despre-noi\/\" \/>\n<meta property=\"og:site_name\" content=\"Elite Town Timi\u0219oara\" \/>\n<meta property=\"article:modified_time\" content=\"2024-07-29T19:16:44+00:00\" \/>\n<meta property=\"og:image\" content=\"https:\/\/www.elite.ro\/elitetown\/wp-content\/uploads\/2024\/07\/Featured-image-11-iulie.jpg\" \/>\n\t<meta property=\"og:image:width\" content=\"2000\" \/>\n\t<meta property=\"og:image:height\" content=\"1125\" \/>\n\t<meta property=\"og:image:type\" content=\"image\/jpeg\" \/>\n<meta name=\"twitter:card\" content=\"summary_large_image\" \/>\n<meta name=\"twitter:label1\" content=\"Est. reading time\" \/>\n\t<meta name=\"twitter:data1\" content=\"2 minutes\" \/>\n<script type=\"application\/ld+json\" class=\"yoast-schema-graph\">{\"@context\":\"https:\/\/schema.org\",\"@graph\":[{\"@type\":\"WebPage\",\"@id\":\"https:\/\/www.elite.ro\/elitetown\/despre-noi\/\",\"url\":\"https:\/\/www.elite.ro\/elitetown\/despre-noi\/\",\"name\":\"Despre noi - Elite Town Timi\u0219oara\",\"isPartOf\":{\"@id\":\"https:\/\/www.elite.ro\/elitetown\/#website\"},\"primaryImageOfPage\":{\"@id\":\"https:\/\/www.elite.ro\/elitetown\/despre-noi\/#primaryimage\"},\"image\":{\"@id\":\"https:\/\/www.elite.ro\/elitetown\/despre-noi\/#primaryimage\"},\"thumbnailUrl\":\"https:\/\/www.elite.ro\/elitetown\/wp-content\/uploads\/2024\/07\/Featured-image-11-iulie.jpg\",\"datePublished\":\"2024-06-24T14:02:56+00:00\",\"dateModified\":\"2024-07-29T19:16:44+00:00\",\"breadcrumb\":{\"@id\":\"https:\/\/www.elite.ro\/elitetown\/despre-noi\/#breadcrumb\"},\"inLanguage\":\"en-US\",\"potentialAction\":[{\"@type\":\"ReadAction\",\"target\":[\"https:\/\/www.elite.ro\/elitetown\/despre-noi\/\"]}]},{\"@type\":\"ImageObject\",\"inLanguage\":\"en-US\",\"@id\":\"https:\/\/www.elite.ro\/elitetown\/despre-noi\/#primaryimage\",\"url\":\"https:\/\/www.elite.ro\/elitetown\/wp-content\/uploads\/2024\/07\/Featured-image-11-iulie.jpg\",\"contentUrl\":\"https:\/\/www.elite.ro\/elitetown\/wp-content\/uploads\/2024\/07\/Featured-image-11-iulie.jpg\",\"width\":2000,\"height\":1125},{\"@type\":\"BreadcrumbList\",\"@id\":\"https:\/\/www.elite.ro\/elitetown\/despre-noi\/#breadcrumb\",\"itemListElement\":[{\"@type\":\"ListItem\",\"position\":1,\"name\":\"Prima pagin\u0103\",\"item\":\"https:\/\/www.elite.ro\/elitetown\/\"},{\"@type\":\"ListItem\",\"position\":2,\"name\":\"Despre noi\"}]},{\"@type\":\"WebSite\",\"@id\":\"https:\/\/www.elite.ro\/elitetown\/#website\",\"url\":\"https:\/\/www.elite.ro\/elitetown\/\",\"name\":\"Elite Town Timi\u0219oara\",\"description\":\"\",\"potentialAction\":[{\"@type\":\"SearchAction\",\"target\":{\"@type\":\"EntryPoint\",\"urlTemplate\":\"https:\/\/www.elite.ro\/elitetown\/?s={search_term_string}\"},\"query-input\":\"required name=search_term_string\"}],\"inLanguage\":\"en-US\"}]}<\/script>\n<!-- \/ Yoast SEO plugin. -->","yoast_head_json":{"title":"Despre noi - Elite Town Timi\u0219oara","robots":{"index":"index","follow":"follow","max-snippet":"max-snippet:-1","max-image-preview":"max-image-preview:large","max-video-preview":"max-video-preview:-1"},"canonical":"https:\/\/www.elite.ro\/elitetown\/despre-noi\/","og_locale":"en_US","og_type":"article","og_title":"Despre noi - Elite Town Timi\u0219oara","og_description":"Elite Grup Despre noi Elite Grup reprezint\u0103 grupul de firme num\u0103rul unu din Transilvania \u00een domeniul imobiliar \u015fi al construc\u0163iilor, dezvoltatorul ansamblurilor marca Grand Park, cu peste 25 ani de experien\u021b\u0103 \u00een domeniul construc\u021biilor \u0219i dezvolt\u0103rii imobiliare, at\u00e2t \u00een \u0163ar\u0103, c\u00e2t \u015fi \u00een str\u0103in\u0103tate. Suntem dezvoltatorii ansamblurilor reziden\u021biale\u00a0Grand Park Residence, Junior Residence, Bonjour Residence, Grand [&hellip;]","og_url":"https:\/\/www.elite.ro\/elitetown\/despre-noi\/","og_site_name":"Elite Town Timi\u0219oara","article_modified_time":"2024-07-29T19:16:44+00:00","og_image":[{"width":2000,"height":1125,"url":"https:\/\/www.elite.ro\/elitetown\/wp-content\/uploads\/2024\/07\/Featured-image-11-iulie.jpg","type":"image\/jpeg"}],"twitter_card":"summary_large_image","twitter_misc":{"Est. reading time":"2 minutes"},"schema":{"@context":"https:\/\/schema.org","@graph":[{"@type":"WebPage","@id":"https:\/\/www.elite.ro\/elitetown\/despre-noi\/","url":"https:\/\/www.elite.ro\/elitetown\/despre-noi\/","name":"Despre noi - Elite Town Timi\u0219oara","isPartOf":{"@id":"https:\/\/www.elite.ro\/elitetown\/#website"},"primaryImageOfPage":{"@id":"https:\/\/www.elite.ro\/elitetown\/despre-noi\/#primaryimage"},"image":{"@id":"https:\/\/www.elite.ro\/elitetown\/despre-noi\/#primaryimage"},"thumbnailUrl":"https:\/\/www.elite.ro\/elitetown\/wp-content\/uploads\/2024\/07\/Featured-image-11-iulie.jpg","datePublished":"2024-06-24T14:02:56+00:00","dateModified":"2024-07-29T19:16:44+00:00","breadcrumb":{"@id":"https:\/\/www.elite.ro\/elitetown\/despre-noi\/#breadcrumb"},"inLanguage":"en-US","potentialAction":[{"@type":"ReadAction","target":["https:\/\/www.elite.ro\/elitetown\/despre-noi\/"]}]},{"@type":"ImageObject","inLanguage":"en-US","@id":"https:\/\/www.elite.ro\/elitetown\/despre-noi\/#primaryimage","url":"https:\/\/www.elite.ro\/elitetown\/wp-content\/uploads\/2024\/07\/Featured-image-11-iulie.jpg","contentUrl":"https:\/\/www.elite.ro\/elitetown\/wp-content\/uploads\/2024\/07\/Featured-image-11-iulie.jpg","width":2000,"height":1125},{"@type":"BreadcrumbList","@id":"https:\/\/www.elite.ro\/elitetown\/despre-noi\/#breadcrumb","itemListElement":[{"@type":"ListItem","position":1,"name":"Prima pagin\u0103","item":"https:\/\/www.elite.ro\/elitetown\/"},{"@type":"ListItem","position":2,"name":"Despre noi"}]},{"@type":"WebSite","@id":"https:\/\/www.elite.ro\/elitetown\/#website","url":"https:\/\/www.elite.ro\/elitetown\/","name":"Elite Town Timi\u0219oara","description":"","potentialAction":[{"@type":"SearchAction","target":{"@type":"EntryPoint","urlTemplate":"https:\/\/www.elite.ro\/elitetown\/?s={search_term_string}"},"query-input":"required name=search_term_string"}],"inLanguage":"en-US"}]}},"_links":{"self":[{"href":"https:\/\/www.elite.ro\/elitetown\/wp-json\/wp\/v2\/pages\/8272","targetHints":{"allow":["GET"]}}],"collection":[{"href":"https:\/\/www.elite.ro\/elitetown\/wp-json\/wp\/v2\/pages"}],"about":[{"href":"https:\/\/www.elite.ro\/elitetown\/wp-json\/wp\/v2\/types\/page"}],"author":[{"embeddable":true,"href":"https:\/\/www.elite.ro\/elitetown\/wp-json\/wp\/v2\/users\/1"}],"replies":[{"embeddable":true,"href":"https:\/\/www.elite.ro\/elitetown\/wp-json\/wp\/v2\/comments?post=8272"}],"version-history":[{"count":13,"href":"https:\/\/www.elite.ro\/elitetown\/wp-json\/wp\/v2\/pages\/8272\/revisions"}],"predecessor-version":[{"id":10061,"href":"https:\/\/www.elite.ro\/elitetown\/wp-json\/wp\/v2\/pages\/8272\/revisions\/10061"}],"wp:featuredmedia":[{"embeddable":true,"href":"https:\/\/www.elite.ro\/elitetown\/wp-json\/wp\/v2\/media\/9522"}],"wp:attachment":[{"href":"https:\/\/www.elite.ro\/elitetown\/wp-json\/wp\/v2\/media?parent=8272"}],"curies":[{"name":"wp","href":"https:\/\/api.w.org\/{rel}","templated":true}]}}